{"id":13634,"date":"2022-04-29T11:03:33","date_gmt":"2022-04-29T14:03:33","guid":{"rendered":"https:\/\/vistosonline.com.br\/novo\/novosite\/?post_type=product&#038;p=13634"},"modified":"2023-06-28T15:50:20","modified_gmt":"2023-06-28T18:50:20","slug":"renovacao-visto-americano-de-turismo-b1-b2","status":"publish","type":"product","link":"https:\/\/vistosonline.com.br\/novo\/produto\/renovacao-visto-americano-de-turismo-b1-b2\/","title":{"rendered":"Renova\u00e7\u00e3o visto americano de Turismo &#8211; B1\/B2"},"content":{"rendered":"<div>\n<h1><strong>RENOVA\u00c7\u00c3O do visto americano &#8211; B1\/B2<\/strong><\/h1>\n<h2><strong>(Turismo\/Neg\u00f3cios)<\/strong><\/h2>\n<p>Para solicita\u00e7\u00e3o da <strong>renova\u00e7\u00e3o do visto americano de turismo &#8211; B1\/B2<\/strong>, o processo \u00e9 feito diretamente com o consulado, e a VISTOS ONLINE far\u00e1 a representa\u00e7\u00e3o.<\/p>\n<p>N\u00e3o h\u00e1 necessidade do seu comparecimento <strong>(a menos que o consulado exija um entrevista).<\/strong><\/p>\n<p>N\u00f3s faremos todos o processo para voc\u00ea, s\u00f3 precisamos que nos encaminhe os documentos abaixo.<\/p>\n<h4><strong>\u00a0Documentos necess\u00e1rios para renova\u00e7\u00e3o do visto americano &#8211; B1\/B2:<\/strong><\/h4>\n<ul>\n<li>PASSAPORTE ORIGINAL (Validade m\u00ednima 07 meses);<\/li>\n<li>QUESTION\u00c1RIO RASCUNHO PREENCHIDO\u00a0 (Em anexo);<\/li>\n<li>PASSAPORTE ANTERIOR COM VISTO AMERICANO (Caso possua);<\/li>\n<li>1 FOTO 5X7 por solicitante;<\/li>\n<li>C\u00f3pia dos vistos dos aconpanhantes.<\/li>\n<\/ul>\n<p><strong>.: Todo o processo tem o prazo de 30 dias para ficar pronto e retornar a ag\u00eancia:.<\/strong><\/p>\n<p><strong>.: N\u00e3o est\u00e1 incluso a taxa consular:.<\/strong><\/p>\n<h4><strong>Para renova\u00e7\u00e3o do visto americano de turismo &#8211; B1\/B2 \u00e9 recomendado que a foto tenha as seguintes caracter\u00edsticas:\u00a0<\/strong><\/h4>\n<ul>\n<li>\u00a0Foto com o fundo totalmente branco, testa e orelhas vis\u00edveis, em caso de cabelos compridos aconselha-se amarrar o cabelo para tr\u00e1s, se necess\u00e1rio utilizar o gel.<\/li>\n<li>\u00a0Usar uma roupa que contraste com a cor da pele.<\/li>\n<li>\u00a0Deve estar sem \u00f3culos, sem franjas e sem adornos, a foto dever\u00e1 estar em \u00f3tima qualidade, evitando assim que o consulado recuse a foto e atrase o seu processo.<\/li>\n<\/ul>\n<h4><strong>Sedex para devolu\u00e7\u00e3o do passaporte pelo consulado R$ 82,00<\/strong><\/h4>\n<ul>\n<li>A taxa MRV (taxa do consulado americano) poder\u00e1 ser paga no boleto ou cart\u00e3o de cr\u00e9dito VISA ou MASTER Internacional, habilitado para compras internacionais.<\/li>\n<li>O pagamento dos servi\u00e7os da Vistos Online ser\u00e1 realizado via dep\u00f3sito, DOC, transfer\u00eancia ou diretamente em nosso escrit\u00f3rio.<\/li>\n<li>As taxas consulares e os nossos servi\u00e7os n\u00e3o s\u00e3o reembols\u00e1veis e n\u00e3o podem ser parcelados.<\/li>\n<li>Ap\u00f3s o envio dos documentos, de acordo com a op\u00e7\u00e3o de pagamento escolhida, lhe enviaremos os dados banc\u00e1rios.<\/li>\n<\/ul>\n<h4><strong>OBSERVA\u00c7\u00d5ES IMPORTANTES:\u00a0<\/strong><\/h4>\n<div><b>\u00a0<\/b><b>***Leia com aten\u00e7\u00e3o***<\/b><\/div>\n<ol>\n<li>\u00a0O agendamento s\u00f3 \u00e9 feito mediante o pagamento da taxa consular, pois o sistema do consulado americano s\u00f3 libera datas para o agendamento ap\u00f3s a confirma\u00e7\u00e3o do pagamento.<\/li>\n<li>\u00a0O calend\u00e1rio consular \u00e9 liberado 24 horas ap\u00f3s o pagamento. O calend\u00e1rio est\u00e1 sujeito a mudan\u00e7as constantes, n\u00e3o nos responsabilizamos por indisponibilidade de datas posteriores.<\/li>\n<li>\u00a0Maiores de 80 anos e menores de 14 anos que nunca tiveram o visto negado, n\u00e3o se faz necess\u00e1rio a presen\u00e7a no dia da entrevista pois os respons\u00e1veis podem levar a documenta\u00e7\u00e3o.<\/li>\n<li>\u00a0S\u00f3 iniciaremos o processo mediante os pagamentos, pois o sistema do consulado americano s\u00f3 libera o calend\u00e1rio para agendamento ap\u00f3s confirmado o pagamento da taxa consular.<\/li>\n<li>\u00a0O consulado se coloca no direito de chamar o solicitante para a entrevista caso julgue necess\u00e1rio, o que raramente acontece.<\/li>\n<li>\u00a0Caso o <span class=\"gmail_default\">solicitante seja<\/span><span class=\"gmail_default\">\u00a0<\/span>chamado para entrevista, o mesmo dever\u00e1 comparecer ao consulado em que o passaporte foi dado entrada.<\/li>\n<li>\u00a0Se o processo foi dado entrada em <span class=\"gmail_default\">um consulado<\/span>, n\u00e3o h\u00e1 possibilidade de mudar a entrevista para outra cidade.<\/li>\n<li>\u00a0Solicitantes que tiveram em sua \u00faltima solicita\u00e7\u00e3o o visto negado, n\u00e3o se enquadram neste processo, ser\u00e1 obrigat\u00f3ria a entrevista.<\/li>\n<\/ol>\n<h4><strong>Outros servi\u00e7os de assessoria:<\/strong><\/h4>\n<ol>\n<li>\u00a0visto americano: <a href=\"https:\/\/vistosonline.com.br\/novo\/visto-de-turismo\/emissao-visto-de-turismo-para-eua\/\">Clique aqui<\/a><\/li>\n<li>\u00a0para o visto canadense: <a href=\"https:\/\/vistosonline.com.br\/novo\/visto-de-turismo\/emissao-visto-de-turismo-para-canada\/\">Clique aqui<\/a><\/li>\n<li>\u00a0passaporte brasileiro: <a href=\"https:\/\/vistosonline.com.br\/novo\/produto\/passaporte-brasileiro\/\">Clique aqui<\/a><\/li>\n<li>\u00a0eTA Nova Zel\u00e2ndia: <a href=\"https:\/\/vistosonline.com.br\/novo\/eta-nova-zelandia\/\">Clique aqui<\/a><\/li>\n<li>\u00a0para outros vistos: <a href=\"https:\/\/vistosonline.com.br\/novo\/visto-de-turismo\/requisitos-para-visto\/\">Clique aqui<\/a><\/li>\n<li>Guia passo a passo de como preencher o visto americano:\u00a0<a href=\"https:\/\/pay.hotmart.com\/B27608975K?checkoutMode=10&amp;bid=1626193095518\">Clique aqui<\/a><\/li>\n<\/ol>\n<p style=\"text-align: center;\">A Vistos Online atende todo o Brasil! Somos especialistas em vistos consulares ! Atendimento personalizado!<\/p>\n<h3 style=\"text-align: center;\"><strong>Cuidado com as falsas promessas! N\u00e3o tenha d\u00favidas, contrate-nos!<\/strong><\/h3>\n<p><a href=\"https:\/\/vistosonline.com.br\/novo\/?wpam_id=8\"><img loading=\"lazy\" decoding=\"async\" class=\"aligncenter\" src=\"https:\/\/vistosonline.com.br\/novo\/storage\/2019\/07\/banner-1280x160.jpg\" width=\"976\" height=\"122\" \/><\/a><\/p>\n<\/div>\n<div><\/div>\n","protected":false},"excerpt":{"rendered":"<p><span style=\"color: #ff0000;\">PARA ESTA MODALIDADE DE VISTO DE TURISMO PARA OS ESTADOS UNIDOS, O SOLICITANTE N\u00c3O PODE TER TIDO VISTO NEGADO NA \u00daLTIMA SOLICITA\u00c7\u00c3O, E SER\u00c1 CONSIDERADO RENOVA\u00c7\u00c3O AT\u00c9 12 MESES AP\u00d3S A DATA DE VENCIMENTO.<\/span><span style=\"color: #ff0000;\"> AP\u00d3S ESTE PRAZO O SOLICITANTE DEVER\u00c1 IR NOVAMENTE PARA ENTREVISTA CONSULAR<\/span><span style=\"color: #ff0000;\">.<\/span><\/p>\n","protected":false},"featured_media":13636,"comment_status":"open","ping_status":"closed","template":"","meta":[],"product_cat":[69,24],"product_tag":[70,71,72],"class_list":["post-13634","product","type-product","status-publish","has-post-thumbnail","hentry","product_cat-renovacao-visto-americano","product_cat-visto-americano","product_tag-renovacao-de-visto-para-os-estados-unidos","product_tag-renovacao-visto-americano","product_tag-visto-vencido"],"acf":[],"yoast_head":"<!-- This site is optimized with the Yoast SEO Premium plugin v18.6 (Yoast SEO v21.6) - https:\/\/yoast.com\/wordpress\/plugins\/seo\/ -->\n<title>Renova\u00e7\u00e3o visto americano de Turismo - B1\/B2 - Vistos Online<\/title>\n<meta name=\"description\" content=\"Para solicitar a renovacao visto americano de turismo - b1\/b2, a Vistos Online far\u00e1 a representa\u00e7\u00e3o do seu visto. Vistos Online - A N\u00ba 1 do Brasil.\" \/>\n<meta name=\"robots\" content=\"index, follow, max-snippet:-1, max-image-preview:large, max-video-preview:-1\" \/>\n<link rel=\"canonical\" href=\"https:\/\/vistosonline.com.br\/novo\/produto\/renovacao-visto-americano-de-turismo-b1-b2\/\" \/>\n<meta property=\"og:locale\" content=\"pt_BR\" \/>\n<meta property=\"og:type\" content=\"article\" \/>\n<meta property=\"og:title\" content=\"Renova\u00e7\u00e3o visto americano\" \/>\n<meta property=\"og:description\" content=\"Para solicita\u00e7\u00e3o do visto, o processo \u00e9 feito diretamente com o consulado, e a Vistos Online far\u00e1 a representa\u00e7\u00e3o do seu visto.\" \/>\n<meta property=\"og:url\" content=\"https:\/\/vistosonline.com.br\/novo\/produto\/renovacao-visto-americano-de-turismo-b1-b2\/\" \/>\n<meta property=\"og:site_name\" content=\"Vistos Online - vistos e passaportes\" \/>\n<meta property=\"article:publisher\" content=\"https:\/\/www.facebook.com\/agendamentodevistoamericano\" \/>\n<meta property=\"article:modified_time\" content=\"2023-06-28T18:50:20+00:00\" \/>\n<meta property=\"og:image\" content=\"https:\/\/vistosonline.com.br\/novo\/wp-content\/uploads\/2022\/04\/estados_unidos.jpg\" \/>\n\t<meta property=\"og:image:width\" content=\"600\" \/>\n\t<meta property=\"og:image:height\" content=\"350\" \/>\n\t<meta property=\"og:image:type\" content=\"image\/jpeg\" \/>\n<meta name=\"twitter:card\" content=\"summary_large_image\" \/>\n<meta name=\"twitter:title\" content=\"Renova\u00e7\u00e3o visto americano\" \/>\n<meta name=\"twitter:description\" content=\"Para solicita\u00e7\u00e3o do visto, o processo \u00e9 feito diretamente com o consulado, e a Vistos Online far\u00e1 a representa\u00e7\u00e3o do seu visto.\" \/>\n<meta name=\"twitter:site\" content=\"@vistoonline\" \/>\n<meta name=\"twitter:label1\" content=\"Est. tempo de leitura\" \/>\n\t<meta name=\"twitter:data1\" content=\"4 minutos\" \/>\n<script type=\"application\/ld+json\" class=\"yoast-schema-graph\">{\"@context\":\"https:\/\/schema.org\",\"@graph\":[{\"@type\":\"WebPage\",\"@id\":\"https:\/\/vistosonline.com.br\/novo\/produto\/renovacao-visto-americano-de-turismo-b1-b2\/\",\"url\":\"https:\/\/vistosonline.com.br\/novo\/produto\/renovacao-visto-americano-de-turismo-b1-b2\/\",\"name\":\"Renova\u00e7\u00e3o visto americano de Turismo - B1\/B2 - Vistos Online\",\"isPartOf\":{\"@id\":\"https:\/\/vistosonline.com.br\/novo\/#website\"},\"datePublished\":\"2022-04-29T14:03:33+00:00\",\"dateModified\":\"2023-06-28T18:50:20+00:00\",\"description\":\"Para solicitar a renovacao visto americano de turismo - b1\/b2, a Vistos Online far\u00e1 a representa\u00e7\u00e3o do seu visto. Vistos Online - A N\u00ba 1 do Brasil.\",\"breadcrumb\":{\"@id\":\"https:\/\/vistosonline.com.br\/novo\/produto\/renovacao-visto-americano-de-turismo-b1-b2\/#breadcrumb\"},\"inLanguage\":\"pt-BR\",\"potentialAction\":[{\"@type\":\"ReadAction\",\"target\":[\"https:\/\/vistosonline.com.br\/novo\/produto\/renovacao-visto-americano-de-turismo-b1-b2\/\"]}]},{\"@type\":\"BreadcrumbList\",\"@id\":\"https:\/\/vistosonline.com.br\/novo\/produto\/renovacao-visto-americano-de-turismo-b1-b2\/#breadcrumb\",\"itemListElement\":[{\"@type\":\"ListItem\",\"position\":1,\"name\":\"In\u00edcio\",\"item\":\"https:\/\/vistosonline.com.br\/novo\/\"},{\"@type\":\"ListItem\",\"position\":2,\"name\":\"Produtos\",\"item\":\"https:\/\/vistosonline.com.br\/novo\/shop\/\"},{\"@type\":\"ListItem\",\"position\":3,\"name\":\"Renova\u00e7\u00e3o visto americano de Turismo &#8211; B1\/B2\"}]},{\"@type\":\"WebSite\",\"@id\":\"https:\/\/vistosonline.com.br\/novo\/#website\",\"url\":\"https:\/\/vistosonline.com.br\/novo\/\",\"name\":\"Vistos Online - vistos e passaportes\",\"description\":\"Agendamento para o visto americano e assessoria pra vistos\",\"publisher\":{\"@id\":\"https:\/\/vistosonline.com.br\/novo\/#organization\"},\"potentialAction\":[{\"@type\":\"SearchAction\",\"target\":{\"@type\":\"EntryPoint\",\"urlTemplate\":\"https:\/\/vistosonline.com.br\/novo\/?s={search_term_string}\"},\"query-input\":\"required name=search_term_string\"}],\"inLanguage\":\"pt-BR\"},{\"@type\":\"Organization\",\"@id\":\"https:\/\/vistosonline.com.br\/novo\/#organization\",\"name\":\"VISTOS ONLINE - Passaporte e vistos consulares\",\"url\":\"https:\/\/vistosonline.com.br\/novo\/\",\"logo\":{\"@type\":\"ImageObject\",\"inLanguage\":\"pt-BR\",\"@id\":\"https:\/\/vistosonline.com.br\/novo\/#\/schema\/logo\/image\/\",\"url\":\"https:\/\/vistosonline.com.br\/novo\/wp-content\/uploads\/2022\/09\/logo-visto.jpg\",\"contentUrl\":\"https:\/\/vistosonline.com.br\/novo\/wp-content\/uploads\/2022\/09\/logo-visto.jpg\",\"width\":254,\"height\":114,\"caption\":\"VISTOS ONLINE - Passaporte e vistos consulares\"},\"image\":{\"@id\":\"https:\/\/vistosonline.com.br\/novo\/#\/schema\/logo\/image\/\"},\"sameAs\":[\"https:\/\/www.facebook.com\/agendamentodevistoamericano\",\"https:\/\/twitter.com\/vistoonline\",\"https:\/\/www.instagram.com\/vistos_online\",\"https:\/\/www.youtube.com\/channel\/UC67G4JiwhC9K9TDXzVtKWfg\"]}]}<\/script>\n<!-- \/ Yoast SEO Premium plugin. -->","yoast_head_json":{"title":"Renova\u00e7\u00e3o visto americano de Turismo - B1\/B2 - Vistos Online","description":"Para solicitar a renovacao visto americano de turismo - b1\/b2, a Vistos Online far\u00e1 a representa\u00e7\u00e3o do seu visto. Vistos Online - A N\u00ba 1 do Brasil.","robots":{"index":"index","follow":"follow","max-snippet":"max-snippet:-1","max-image-preview":"max-image-preview:large","max-video-preview":"max-video-preview:-1"},"canonical":"https:\/\/vistosonline.com.br\/novo\/produto\/renovacao-visto-americano-de-turismo-b1-b2\/","og_locale":"pt_BR","og_type":"article","og_title":"Renova\u00e7\u00e3o visto americano","og_description":"Para solicita\u00e7\u00e3o do visto, o processo \u00e9 feito diretamente com o consulado, e a Vistos Online far\u00e1 a representa\u00e7\u00e3o do seu visto.","og_url":"https:\/\/vistosonline.com.br\/novo\/produto\/renovacao-visto-americano-de-turismo-b1-b2\/","og_site_name":"Vistos Online - vistos e passaportes","article_publisher":"https:\/\/www.facebook.com\/agendamentodevistoamericano","article_modified_time":"2023-06-28T18:50:20+00:00","og_image":[{"width":600,"height":350,"url":"https:\/\/vistosonline.com.br\/novo\/wp-content\/uploads\/2022\/04\/estados_unidos.jpg","type":"image\/jpeg"}],"twitter_card":"summary_large_image","twitter_title":"Renova\u00e7\u00e3o visto americano","twitter_description":"Para solicita\u00e7\u00e3o do visto, o processo \u00e9 feito diretamente com o consulado, e a Vistos Online far\u00e1 a representa\u00e7\u00e3o do seu visto.","twitter_site":"@vistoonline","twitter_misc":{"Est. tempo de leitura":"4 minutos"},"schema":{"@context":"https:\/\/schema.org","@graph":[{"@type":"WebPage","@id":"https:\/\/vistosonline.com.br\/novo\/produto\/renovacao-visto-americano-de-turismo-b1-b2\/","url":"https:\/\/vistosonline.com.br\/novo\/produto\/renovacao-visto-americano-de-turismo-b1-b2\/","name":"Renova\u00e7\u00e3o visto americano de Turismo - B1\/B2 - Vistos Online","isPartOf":{"@id":"https:\/\/vistosonline.com.br\/novo\/#website"},"datePublished":"2022-04-29T14:03:33+00:00","dateModified":"2023-06-28T18:50:20+00:00","description":"Para solicitar a renovacao visto americano de turismo - b1\/b2, a Vistos Online far\u00e1 a representa\u00e7\u00e3o do seu visto. Vistos Online - A N\u00ba 1 do Brasil.","breadcrumb":{"@id":"https:\/\/vistosonline.com.br\/novo\/produto\/renovacao-visto-americano-de-turismo-b1-b2\/#breadcrumb"},"inLanguage":"pt-BR","potentialAction":[{"@type":"ReadAction","target":["https:\/\/vistosonline.com.br\/novo\/produto\/renovacao-visto-americano-de-turismo-b1-b2\/"]}]},{"@type":"BreadcrumbList","@id":"https:\/\/vistosonline.com.br\/novo\/produto\/renovacao-visto-americano-de-turismo-b1-b2\/#breadcrumb","itemListElement":[{"@type":"ListItem","position":1,"name":"In\u00edcio","item":"https:\/\/vistosonline.com.br\/novo\/"},{"@type":"ListItem","position":2,"name":"Produtos","item":"https:\/\/vistosonline.com.br\/novo\/shop\/"},{"@type":"ListItem","position":3,"name":"Renova\u00e7\u00e3o visto americano de Turismo &#8211; B1\/B2"}]},{"@type":"WebSite","@id":"https:\/\/vistosonline.com.br\/novo\/#website","url":"https:\/\/vistosonline.com.br\/novo\/","name":"Vistos Online - vistos e passaportes","description":"Agendamento para o visto americano e assessoria pra vistos","publisher":{"@id":"https:\/\/vistosonline.com.br\/novo\/#organization"},"potentialAction":[{"@type":"SearchAction","target":{"@type":"EntryPoint","urlTemplate":"https:\/\/vistosonline.com.br\/novo\/?s={search_term_string}"},"query-input":"required name=search_term_string"}],"inLanguage":"pt-BR"},{"@type":"Organization","@id":"https:\/\/vistosonline.com.br\/novo\/#organization","name":"VISTOS ONLINE - Passaporte e vistos consulares","url":"https:\/\/vistosonline.com.br\/novo\/","logo":{"@type":"ImageObject","inLanguage":"pt-BR","@id":"https:\/\/vistosonline.com.br\/novo\/#\/schema\/logo\/image\/","url":"https:\/\/vistosonline.com.br\/novo\/wp-content\/uploads\/2022\/09\/logo-visto.jpg","contentUrl":"https:\/\/vistosonline.com.br\/novo\/wp-content\/uploads\/2022\/09\/logo-visto.jpg","width":254,"height":114,"caption":"VISTOS ONLINE - Passaporte e vistos consulares"},"image":{"@id":"https:\/\/vistosonline.com.br\/novo\/#\/schema\/logo\/image\/"},"sameAs":["https:\/\/www.facebook.com\/agendamentodevistoamericano","https:\/\/twitter.com\/vistoonline","https:\/\/www.instagram.com\/vistos_online","https:\/\/www.youtube.com\/channel\/UC67G4JiwhC9K9TDXzVtKWfg"]}]}},"_links":{"self":[{"href":"https:\/\/vistosonline.com.br\/novo\/wp-json\/wp\/v2\/product\/13634","targetHints":{"allow":["GET"]}}],"collection":[{"href":"https:\/\/vistosonline.com.br\/novo\/wp-json\/wp\/v2\/product"}],"about":[{"href":"https:\/\/vistosonline.com.br\/novo\/wp-json\/wp\/v2\/types\/product"}],"replies":[{"embeddable":true,"href":"https:\/\/vistosonline.com.br\/novo\/wp-json\/wp\/v2\/comments?post=13634"}],"wp:featuredmedia":[{"embeddable":true,"href":"https:\/\/vistosonline.com.br\/novo\/wp-json\/wp\/v2\/media\/13636"}],"wp:attachment":[{"href":"https:\/\/vistosonline.com.br\/novo\/wp-json\/wp\/v2\/media?parent=13634"}],"wp:term":[{"taxonomy":"product_cat","embeddable":true,"href":"https:\/\/vistosonline.com.br\/novo\/wp-json\/wp\/v2\/product_cat?post=13634"},{"taxonomy":"product_tag","embeddable":true,"href":"https:\/\/vistosonline.com.br\/novo\/wp-json\/wp\/v2\/product_tag?post=13634"}],"curies":[{"name":"wp","href":"https:\/\/api.w.org\/{rel}","templated":true}]}}