{"id":13632,"date":"2022-04-29T11:03:33","date_gmt":"2022-04-29T14:03:33","guid":{"rendered":"https:\/\/vistosonline.com.br\/novo\/novosite\/?post_type=product&#038;p=13632"},"modified":"2023-03-24T17:21:02","modified_gmt":"2023-03-24T20:21:02","slug":"eta-nova-zelandia","status":"publish","type":"product","link":"https:\/\/vistosonline.com.br\/novo\/produto\/eta-nova-zelandia\/","title":{"rendered":"eTA Nova Zel\u00e2ndia"},"content":{"rendered":"<h1>eTA NOVA ZEL\u00c2NDIA<\/h1>\n<p>\u00c9 UMA AUTORIZA\u00c7\u00c3O ELETR\u00d4NICA DE VIAGEM DESTINADA APENAS PARA BRASILEIROS A PARTIR DE 1\u00ba DE OUTUBRO 2019.<\/p>\n<p>SOLICITE O e-TA NOVA ZEL\u00c2NDIA COM QUEM MAIS ENTENDE.<\/p>\n<p>TUDO EM UM S\u00d3 LUGAR SEM SAIR DE CASA<\/p>\n<p>INCLUSO VALOR TAXA CONSULAR + IOF<\/p>\n<p>O e-TA come\u00e7ou a ser exigido a partir de 1\u00ba de outubro 2019.<\/p>\n<h3><strong>A autoriza\u00e7\u00e3o ser\u00e1 exigida para:<\/strong><\/h3>\n<ul>\n<li>\u00a0Quem visitar ou estiver em tr\u00e2nsito, vindo de um pa\u00eds que est\u00e1 na lista de \u201cVisa Waiver Country\u201d (o Brasil est\u00e1 nessa lista);<\/li>\n<li>\u00a0Passageiros de navio de cruzeiro, independentemente da sua nacionalidade, ou;<\/li>\n<li>\u00a0Quem \u00e9 residente permanente da Austr\u00e1lia.<\/li>\n<\/ul>\n<h4><strong>QUEM N\u00c3O PRECISA DE UM e-TA?<\/strong><\/h4>\n<p>Voc\u00ea <strong>N\u00c3O<\/strong> precisa de um eTA para viajar para a Nova Zel\u00e2ndia se:<\/p>\n<ul>\n<li>\u00a0J\u00e1 possui um visto v\u00e1lido para Nova Zel\u00e2ndia;<\/li>\n<li>\u00a0\u00c9 cidad\u00e3o da Nova Zel\u00e2ndia viajando com\u00a0 um passaporte da Nova Zel\u00e2ndia ou<\/li>\n<li>\u00a0Um passaporte estrangeiro com um endosso \u2013 por exemplo, para dizer que voc\u00ea \u00e9 um residente permanente ou \u00e9 cidad\u00e3o da Nova Zel\u00e2ndia<\/li>\n<li>\u00a0Um cidad\u00e3o australiano viajando em um passaporte australiano.<\/li>\n<\/ul>\n<h5><strong>COMO SOLICITAR O e-TA E PAGAR O IVL?<\/strong><\/h5>\n<h5>Voc\u00ea deve solicitar o seu eTA com anteced\u00eancia a sua viagem para Nova Zel\u00e2ndia.<\/h5>\n<p>A resposta da autoriza\u00e7\u00e3o poder\u00e1 levar at\u00e9 72 horas e ser\u00e1 concedido permiss\u00e3o de perman\u00eancia por at\u00e9 90 dias.<\/p>\n<p>Caso voc\u00ea n\u00e3o tenha um eTA, mesmo que a Nova Zel\u00e2ndia n\u00e3o seja o seu destino final, voc\u00ea n\u00e3o poder\u00e1 embarcar no seu voo ou cruzeiro.<\/p>\n<p>A Vistos Online est\u00e1 apta para emitir o seu eTA para Nova Zel\u00e2ndia.<\/p>\n<p>N\u00e3o tenha d\u00favidas, contrate-nos!<\/p>\n<h5><strong>OUTROS SERVI\u00c7OS RELACIONADOS:<\/strong><\/h5>\n<p>Seguro de viagem On line: <a href=\"http:\/\/www.viajarseguro.com.br\">Clique Aqui!<\/a><\/p>\n<p>Passaporte Brasileiro: <a href=\"http:\/\/www.bahiavistos.com.br\">Clique Aqui!<\/a><\/p>\n<p><strong>Atendemos todo o Brasil!!!<\/strong><\/p>\n<p><a href=\"https:\/\/vistosonline.com.br\/novo\/depoimentos\">Acesse nosso perfil, e assista a centenas de depoimentos de clientes que aproveitaram a melhor<\/a><br \/>\n<a href=\"https:\/\/vistosonline.com.br\/novo\/depoimentos\">assessoria do Brasil!<\/a><\/p>\n","protected":false},"excerpt":{"rendered":"<p>eTA NOVA ZEL\u00c2NDIA \u00c9 UMA AUTORIZA\u00c7\u00c3O ELETR\u00d4NICA DE VIAGEM DESTINADA APENAS PARA BRASILEIROS A PARTIR DE 1\u00ba DE OUTUBRO 2019. SOLICITE O e-TA NOVA ZEL\u00c2NDIA COM QUEM MAIS ENTENDE. TUDO EM UM S\u00d3 LUGAR SEM SAIR DE CASA INCLUSO VALOR TAXA CONSULAR + IOF O e-TA come\u00e7ou a ser exigido a partir de 1\u00ba de [&hellip;]<\/p>\n","protected":false},"featured_media":13638,"comment_status":"open","ping_status":"closed","template":"","meta":[],"product_cat":[40],"product_tag":[],"class_list":["post-13632","product","type-product","status-publish","has-post-thumbnail","hentry","product_cat-e-ta-nova-zelandia"],"acf":[],"yoast_head":"<!-- This site is optimized with the Yoast SEO Premium plugin v18.6 (Yoast SEO v21.6) - https:\/\/yoast.com\/wordpress\/plugins\/seo\/ -->\n<title>eTA Nova Zel\u00e2ndia - Vistos Online<\/title>\n<meta name=\"description\" content=\"eTa Nova Zel\u00e2ndia \u00e9 um a autoriza\u00e7\u00e3o eletr\u00f4nica, solicite o seu com a Vistos Online. Atendemos todo o Brasil e exterior. Ligue 71 9 9914-8693 Eduardo.\" \/>\n<meta name=\"robots\" content=\"index, follow, max-snippet:-1, max-image-preview:large, max-video-preview:-1\" \/>\n<link rel=\"canonical\" href=\"https:\/\/vistosonline.com.br\/novo\/produto\/eta-nova-zelandia\/\" \/>\n<meta property=\"og:locale\" content=\"pt_BR\" \/>\n<meta property=\"og:type\" content=\"article\" \/>\n<meta property=\"og:title\" content=\"eTa Nova Zel\u00e2ndia\" \/>\n<meta property=\"og:description\" content=\"eTa Nova Zel\u00e2ndia \u00e9 um a autoriza\u00e7\u00e3o eletr\u00f4nica, solicite o seu com a Vistos Online. Atendemos todo o Brasil e exterior. Ligue 71 9 9914-8693 Eduardo.\" \/>\n<meta property=\"og:url\" content=\"https:\/\/vistosonline.com.br\/novo\/produto\/eta-nova-zelandia\/\" \/>\n<meta property=\"og:site_name\" content=\"Vistos Online - vistos e passaportes\" \/>\n<meta property=\"article:publisher\" content=\"https:\/\/www.facebook.com\/agendamentodevistoamericano\" \/>\n<meta property=\"article:modified_time\" content=\"2023-03-24T20:21:02+00:00\" \/>\n<meta property=\"og:image\" content=\"https:\/\/vistosonline.com.br\/novo\/wp-content\/uploads\/2022\/04\/visto_australia.jpg\" \/>\n\t<meta property=\"og:image:width\" content=\"600\" \/>\n\t<meta property=\"og:image:height\" content=\"350\" \/>\n\t<meta property=\"og:image:type\" content=\"image\/jpeg\" \/>\n<meta name=\"twitter:card\" content=\"summary_large_image\" \/>\n<meta name=\"twitter:title\" content=\"eTa Nova Zel\u00e2ndia\" \/>\n<meta name=\"twitter:description\" content=\"eTa Nova Zel\u00e2ndia \u00e9 um a autoriza\u00e7\u00e3o eletr\u00f4nica, solicite o seu com a Vistos Online. Atendemos todo o Brasil e exterior. Ligue 71 9 9914-8693 Eduardo.\" \/>\n<meta name=\"twitter:site\" content=\"@vistoonline\" \/>\n<meta name=\"twitter:label1\" content=\"Est. tempo de leitura\" \/>\n\t<meta name=\"twitter:data1\" content=\"2 minutos\" \/>\n<script type=\"application\/ld+json\" class=\"yoast-schema-graph\">{\"@context\":\"https:\/\/schema.org\",\"@graph\":[{\"@type\":\"WebPage\",\"@id\":\"https:\/\/vistosonline.com.br\/novo\/produto\/eta-nova-zelandia\/\",\"url\":\"https:\/\/vistosonline.com.br\/novo\/produto\/eta-nova-zelandia\/\",\"name\":\"eTA Nova Zel\u00e2ndia - Vistos Online\",\"isPartOf\":{\"@id\":\"https:\/\/vistosonline.com.br\/novo\/#website\"},\"datePublished\":\"2022-04-29T14:03:33+00:00\",\"dateModified\":\"2023-03-24T20:21:02+00:00\",\"description\":\"eTa Nova Zel\u00e2ndia \u00e9 um a autoriza\u00e7\u00e3o eletr\u00f4nica, solicite o seu com a Vistos Online. Atendemos todo o Brasil e exterior. Ligue 71 9 9914-8693 Eduardo.\",\"breadcrumb\":{\"@id\":\"https:\/\/vistosonline.com.br\/novo\/produto\/eta-nova-zelandia\/#breadcrumb\"},\"inLanguage\":\"pt-BR\",\"potentialAction\":[{\"@type\":\"ReadAction\",\"target\":[\"https:\/\/vistosonline.com.br\/novo\/produto\/eta-nova-zelandia\/\"]}]},{\"@type\":\"BreadcrumbList\",\"@id\":\"https:\/\/vistosonline.com.br\/novo\/produto\/eta-nova-zelandia\/#breadcrumb\",\"itemListElement\":[{\"@type\":\"ListItem\",\"position\":1,\"name\":\"In\u00edcio\",\"item\":\"https:\/\/vistosonline.com.br\/novo\/\"},{\"@type\":\"ListItem\",\"position\":2,\"name\":\"Produtos\",\"item\":\"https:\/\/vistosonline.com.br\/novo\/shop\/\"},{\"@type\":\"ListItem\",\"position\":3,\"name\":\"eTA Nova Zel\u00e2ndia\"}]},{\"@type\":\"WebSite\",\"@id\":\"https:\/\/vistosonline.com.br\/novo\/#website\",\"url\":\"https:\/\/vistosonline.com.br\/novo\/\",\"name\":\"Vistos Online - vistos e passaportes\",\"description\":\"Agendamento para o visto americano e assessoria pra vistos\",\"publisher\":{\"@id\":\"https:\/\/vistosonline.com.br\/novo\/#organization\"},\"potentialAction\":[{\"@type\":\"SearchAction\",\"target\":{\"@type\":\"EntryPoint\",\"urlTemplate\":\"https:\/\/vistosonline.com.br\/novo\/?s={search_term_string}\"},\"query-input\":\"required name=search_term_string\"}],\"inLanguage\":\"pt-BR\"},{\"@type\":\"Organization\",\"@id\":\"https:\/\/vistosonline.com.br\/novo\/#organization\",\"name\":\"VISTOS ONLINE - Passaporte e vistos consulares\",\"url\":\"https:\/\/vistosonline.com.br\/novo\/\",\"logo\":{\"@type\":\"ImageObject\",\"inLanguage\":\"pt-BR\",\"@id\":\"https:\/\/vistosonline.com.br\/novo\/#\/schema\/logo\/image\/\",\"url\":\"https:\/\/vistosonline.com.br\/novo\/wp-content\/uploads\/2022\/09\/logo-visto.jpg\",\"contentUrl\":\"https:\/\/vistosonline.com.br\/novo\/wp-content\/uploads\/2022\/09\/logo-visto.jpg\",\"width\":254,\"height\":114,\"caption\":\"VISTOS ONLINE - Passaporte e vistos consulares\"},\"image\":{\"@id\":\"https:\/\/vistosonline.com.br\/novo\/#\/schema\/logo\/image\/\"},\"sameAs\":[\"https:\/\/www.facebook.com\/agendamentodevistoamericano\",\"https:\/\/twitter.com\/vistoonline\",\"https:\/\/www.instagram.com\/vistos_online\",\"https:\/\/www.youtube.com\/channel\/UC67G4JiwhC9K9TDXzVtKWfg\"]}]}<\/script>\n<!-- \/ Yoast SEO Premium plugin. -->","yoast_head_json":{"title":"eTA Nova Zel\u00e2ndia - Vistos Online","description":"eTa Nova Zel\u00e2ndia \u00e9 um a autoriza\u00e7\u00e3o eletr\u00f4nica, solicite o seu com a Vistos Online. Atendemos todo o Brasil e exterior. Ligue 71 9 9914-8693 Eduardo.","robots":{"index":"index","follow":"follow","max-snippet":"max-snippet:-1","max-image-preview":"max-image-preview:large","max-video-preview":"max-video-preview:-1"},"canonical":"https:\/\/vistosonline.com.br\/novo\/produto\/eta-nova-zelandia\/","og_locale":"pt_BR","og_type":"article","og_title":"eTa Nova Zel\u00e2ndia","og_description":"eTa Nova Zel\u00e2ndia \u00e9 um a autoriza\u00e7\u00e3o eletr\u00f4nica, solicite o seu com a Vistos Online. Atendemos todo o Brasil e exterior. Ligue 71 9 9914-8693 Eduardo.","og_url":"https:\/\/vistosonline.com.br\/novo\/produto\/eta-nova-zelandia\/","og_site_name":"Vistos Online - vistos e passaportes","article_publisher":"https:\/\/www.facebook.com\/agendamentodevistoamericano","article_modified_time":"2023-03-24T20:21:02+00:00","og_image":[{"width":600,"height":350,"url":"https:\/\/vistosonline.com.br\/novo\/wp-content\/uploads\/2022\/04\/visto_australia.jpg","type":"image\/jpeg"}],"twitter_card":"summary_large_image","twitter_title":"eTa Nova Zel\u00e2ndia","twitter_description":"eTa Nova Zel\u00e2ndia \u00e9 um a autoriza\u00e7\u00e3o eletr\u00f4nica, solicite o seu com a Vistos Online. Atendemos todo o Brasil e exterior. Ligue 71 9 9914-8693 Eduardo.","twitter_site":"@vistoonline","twitter_misc":{"Est. tempo de leitura":"2 minutos"},"schema":{"@context":"https:\/\/schema.org","@graph":[{"@type":"WebPage","@id":"https:\/\/vistosonline.com.br\/novo\/produto\/eta-nova-zelandia\/","url":"https:\/\/vistosonline.com.br\/novo\/produto\/eta-nova-zelandia\/","name":"eTA Nova Zel\u00e2ndia - Vistos Online","isPartOf":{"@id":"https:\/\/vistosonline.com.br\/novo\/#website"},"datePublished":"2022-04-29T14:03:33+00:00","dateModified":"2023-03-24T20:21:02+00:00","description":"eTa Nova Zel\u00e2ndia \u00e9 um a autoriza\u00e7\u00e3o eletr\u00f4nica, solicite o seu com a Vistos Online. Atendemos todo o Brasil e exterior. Ligue 71 9 9914-8693 Eduardo.","breadcrumb":{"@id":"https:\/\/vistosonline.com.br\/novo\/produto\/eta-nova-zelandia\/#breadcrumb"},"inLanguage":"pt-BR","potentialAction":[{"@type":"ReadAction","target":["https:\/\/vistosonline.com.br\/novo\/produto\/eta-nova-zelandia\/"]}]},{"@type":"BreadcrumbList","@id":"https:\/\/vistosonline.com.br\/novo\/produto\/eta-nova-zelandia\/#breadcrumb","itemListElement":[{"@type":"ListItem","position":1,"name":"In\u00edcio","item":"https:\/\/vistosonline.com.br\/novo\/"},{"@type":"ListItem","position":2,"name":"Produtos","item":"https:\/\/vistosonline.com.br\/novo\/shop\/"},{"@type":"ListItem","position":3,"name":"eTA Nova Zel\u00e2ndia"}]},{"@type":"WebSite","@id":"https:\/\/vistosonline.com.br\/novo\/#website","url":"https:\/\/vistosonline.com.br\/novo\/","name":"Vistos Online - vistos e passaportes","description":"Agendamento para o visto americano e assessoria pra vistos","publisher":{"@id":"https:\/\/vistosonline.com.br\/novo\/#organization"},"potentialAction":[{"@type":"SearchAction","target":{"@type":"EntryPoint","urlTemplate":"https:\/\/vistosonline.com.br\/novo\/?s={search_term_string}"},"query-input":"required name=search_term_string"}],"inLanguage":"pt-BR"},{"@type":"Organization","@id":"https:\/\/vistosonline.com.br\/novo\/#organization","name":"VISTOS ONLINE - Passaporte e vistos consulares","url":"https:\/\/vistosonline.com.br\/novo\/","logo":{"@type":"ImageObject","inLanguage":"pt-BR","@id":"https:\/\/vistosonline.com.br\/novo\/#\/schema\/logo\/image\/","url":"https:\/\/vistosonline.com.br\/novo\/wp-content\/uploads\/2022\/09\/logo-visto.jpg","contentUrl":"https:\/\/vistosonline.com.br\/novo\/wp-content\/uploads\/2022\/09\/logo-visto.jpg","width":254,"height":114,"caption":"VISTOS ONLINE - Passaporte e vistos consulares"},"image":{"@id":"https:\/\/vistosonline.com.br\/novo\/#\/schema\/logo\/image\/"},"sameAs":["https:\/\/www.facebook.com\/agendamentodevistoamericano","https:\/\/twitter.com\/vistoonline","https:\/\/www.instagram.com\/vistos_online","https:\/\/www.youtube.com\/channel\/UC67G4JiwhC9K9TDXzVtKWfg"]}]}},"_links":{"self":[{"href":"https:\/\/vistosonline.com.br\/novo\/wp-json\/wp\/v2\/product\/13632","targetHints":{"allow":["GET"]}}],"collection":[{"href":"https:\/\/vistosonline.com.br\/novo\/wp-json\/wp\/v2\/product"}],"about":[{"href":"https:\/\/vistosonline.com.br\/novo\/wp-json\/wp\/v2\/types\/product"}],"replies":[{"embeddable":true,"href":"https:\/\/vistosonline.com.br\/novo\/wp-json\/wp\/v2\/comments?post=13632"}],"wp:featuredmedia":[{"embeddable":true,"href":"https:\/\/vistosonline.com.br\/novo\/wp-json\/wp\/v2\/media\/13638"}],"wp:attachment":[{"href":"https:\/\/vistosonline.com.br\/novo\/wp-json\/wp\/v2\/media?parent=13632"}],"wp:term":[{"taxonomy":"product_cat","embeddable":true,"href":"https:\/\/vistosonline.com.br\/novo\/wp-json\/wp\/v2\/product_cat?post=13632"},{"taxonomy":"product_tag","embeddable":true,"href":"https:\/\/vistosonline.com.br\/novo\/wp-json\/wp\/v2\/product_tag?post=13632"}],"curies":[{"name":"wp","href":"https:\/\/api.w.org\/{rel}","templated":true}]}}